{"id":92762,"date":"2023-06-14T14:01:13","date_gmt":"2023-06-14T12:01:13","guid":{"rendered":"https:\/\/www.ccfs-sorbonne.fr\/institucion\/fondation-robert-de-sorbon\/"},"modified":"2025-07-06T21:22:42","modified_gmt":"2025-07-06T19:22:42","slug":"fundacion-robert-de-sorbon","status":"publish","type":"page","link":"https:\/\/www.ccfs-sorbonne.fr\/es\/institucion\/fundacion-robert-de-sorbon\/","title":{"rendered":"Fundaci\u00f3n Robert de Sorbon"},"content":{"rendered":"\t\t<div data-elementor-type=\"wp-page\" data-elementor-id=\"92762\" class=\"elementor elementor-92762 elementor-545\" data-elementor-post-type=\"page\">\n\t\t\t\t\t\t<section class=\"elementor-section elementor-top-section elementor-element elementor-element-cf35b8d elementor-section-stretched elementor-section-boxed elementor-section-height-default elementor-section-height-default\" data-id=\"cf35b8d\" data-element_type=\"section\" data-e-type=\"section\" data-settings=\"{&quot;stretch_section&quot;:&quot;section-stretched&quot;,&quot;background_background&quot;:&quot;classic&quot;}\">\n\t\t\t\t\t\t\t<div class=\"elementor-background-overlay\"><\/div>\n\t\t\t\t\t\t\t<div class=\"elementor-container elementor-column-gap-default\">\n\t\t\t\t\t<div class=\"elementor-column elementor-col-100 elementor-top-column elementor-element elementor-element-a7ba872\" data-id=\"a7ba872\" data-element_type=\"column\" data-e-type=\"column\">\n\t\t\t<div class=\"elementor-widget-wrap elementor-element-populated\">\n\t\t\t\t\t\t<section class=\"elementor-section elementor-inner-section elementor-element elementor-element-233d4c9 elementor-section-boxed elementor-section-height-default elementor-section-height-default\" data-id=\"233d4c9\" data-element_type=\"section\" data-e-type=\"section\">\n\t\t\t\t\t\t<div class=\"elementor-container elementor-column-gap-default\">\n\t\t\t\t\t<div class=\"elementor-column elementor-col-50 elementor-inner-column elementor-element elementor-element-d562e0a\" data-id=\"d562e0a\" data-element_type=\"column\" data-e-type=\"column\">\n\t\t\t<div class=\"elementor-widget-wrap elementor-element-populated\">\n\t\t\t\t\t\t<div class=\"elementor-element elementor-element-84736ee elementor-widget elementor-widget-heading\" data-id=\"84736ee\" data-element_type=\"widget\" data-e-type=\"widget\" data-widget_type=\"heading.default\">\n\t\t\t\t<div class=\"elementor-widget-container\">\n\t\t\t\t\t<h1 class=\"elementor-heading-title elementor-size-default\">Fundaci\u00f3n Robert de Sorbon<br><\/h1>\t\t\t\t<\/div>\n\t\t\t\t<\/div>\n\t\t\t\t\t<\/div>\n\t\t<\/div>\n\t\t\t\t<div class=\"elementor-column elementor-col-50 elementor-inner-column elementor-element elementor-element-4e48e03 elementor-hidden-mobile elementor-hidden-tablet\" data-id=\"4e48e03\" data-element_type=\"column\" data-e-type=\"column\">\n\t\t\t<div class=\"elementor-widget-wrap elementor-element-populated\">\n\t\t\t\t\t\t<div class=\"elementor-element elementor-element-3f463de elementor-widget elementor-widget-image\" data-id=\"3f463de\" data-element_type=\"widget\" data-e-type=\"widget\" data-widget_type=\"image.default\">\n\t\t\t\t<div class=\"elementor-widget-container\">\n\t\t\t\t\t\t\t\t\t\t\t\t\t\t\t<img fetchpriority=\"high\" decoding=\"async\" width=\"300\" height=\"400\" src=\"https:\/\/www.ccfs-sorbonne.fr\/wp-content\/uploads\/2024\/07\/etudiant-13-ccfs-1.png\" class=\"attachment-full size-full wp-image-97538\" alt=\"\" srcset=\"https:\/\/www.ccfs-sorbonne.fr\/wp-content\/uploads\/2024\/07\/etudiant-13-ccfs-1.png 300w, https:\/\/www.ccfs-sorbonne.fr\/wp-content\/uploads\/2024\/07\/etudiant-13-ccfs-1-225x300.png 225w\" sizes=\"(max-width: 300px) 100vw, 300px\" \/>\t\t\t\t\t\t\t\t\t\t\t\t\t\t\t<\/div>\n\t\t\t\t<\/div>\n\t\t\t\t\t<\/div>\n\t\t<\/div>\n\t\t\t\t\t<\/div>\n\t\t<\/section>\n\t\t\t\t\t<\/div>\n\t\t<\/div>\n\t\t\t\t\t<\/div>\n\t\t<\/section>\n\t\t\t\t<section class=\"elementor-section elementor-top-section elementor-element elementor-element-7ef5fdf elementor-section-stretched elementor-section-boxed elementor-section-height-default elementor-section-height-default\" data-id=\"7ef5fdf\" data-element_type=\"section\" data-e-type=\"section\" data-settings=\"{&quot;stretch_section&quot;:&quot;section-stretched&quot;}\">\n\t\t\t\t\t\t<div class=\"elementor-container elementor-column-gap-default\">\n\t\t\t\t\t<div class=\"elementor-column elementor-col-100 elementor-top-column elementor-element elementor-element-5c1a51f\" data-id=\"5c1a51f\" data-element_type=\"column\" data-e-type=\"column\">\n\t\t\t<div class=\"elementor-widget-wrap elementor-element-populated\">\n\t\t\t\t\t\t<div class=\"elementor-element elementor-element-c52d12d elementor-widget elementor-widget-global elementor-global-82281 elementor-widget-breadcrumbs\" data-id=\"c52d12d\" data-element_type=\"widget\" data-e-type=\"widget\" data-widget_type=\"breadcrumbs.default\">\n\t\t\t\t<div class=\"elementor-widget-container\">\n\t\t\t\t\t<p id=\"breadcrumbs\"><span><span><a href=\"https:\/\/www.ccfs-sorbonne.fr\/es\/\">Inicio<\/a><\/span><\/span><\/p>\t\t\t\t<\/div>\n\t\t\t\t<\/div>\n\t\t\t\t<div class=\"elementor-element elementor-element-7fda1a8a elementor-widget elementor-widget-text-editor\" data-id=\"7fda1a8a\" data-element_type=\"widget\" data-e-type=\"widget\" data-widget_type=\"text-editor.default\">\n\t\t\t\t<div class=\"elementor-widget-container\">\n\t\t\t\t\t\t\t\t\t<p>La Fundaci\u00f3n Robert de Sorbon es una instituci\u00f3n acad\u00e9mica emblem\u00e1tica situada en el coraz\u00f3n de Par\u00eds. Su rica historia se remonta al siglo XIII, cuando Robert de Sorbon, un sacerdote y te\u00f3logo, decidi\u00f3 crear una casa de estudios para los estudiantes pobres de la ciudad. Esta iniciativa visionaria sent\u00f3 las bases de una de las universidades m\u00e1s prestigiosas e influyentes del mundo: La Sorbona.<\/p><p>La Sorbona se convirti\u00f3 r\u00e1pidamente en un importante centro intelectual de Europa, atrayendo a estudiantes y eruditos de todos los \u00e1mbitos. A lo largo de los siglos, ha desempe\u00f1ado un papel esencial en el desarrollo de la educaci\u00f3n superior en Francia y ha sido testigo de numerosos acontecimientos hist\u00f3ricos e intelectuales clave. Figuras c\u00e9lebres como Tom\u00e1s de Aquino, Ren\u00e9 Descartes y Jean-Paul Sartre estudiaron o ense\u00f1aron en la Sorbona, contribuyendo as\u00ed a su renombre mundial.<\/p><p>En 1899 se cre\u00f3 la sociedad de amigos de las universidades de Par\u00eds, que en 2009 se convirti\u00f3 en la fundaci\u00f3n Robert de Sorbon, reconocida como de utilidad p\u00fablica. El objetivo de la fundaci\u00f3n es implementar programas eficaces e innovadores destinados a promover la transmisi\u00f3n del conocimiento, en particular a nivel de la ense\u00f1anza superior y la investigaci\u00f3n. Los Cours de civilisation fran\u00e7aise de la Sorbonne (CCFS), creados en 1919, forman parte de las instituciones acad\u00e9micas cuya acci\u00f3n se inscribe en el marco de la fundaci\u00f3n Robert de Sorbon.<\/p><h2>Los Cours de civilisation fran\u00e7aise de la Sorbonne (CCFS)<\/h2><p>Los Cours de civilisation fran\u00e7aise de la Sorbonne (CCFS) son, de hecho, un componente <a href=\"https:\/\/www.ccfs-sorbonne.fr\/es\/institucion\/\">esencial de la Fundaci\u00f3n Robert de Sorbon<\/a>; creados con el fin de difundir la lengua y la cultura francesas en todo el mundo, los CCFS desempe\u00f1an hoy un papel crucial en la ense\u00f1anza del franc\u00e9s como lengua extranjera (FLE) y en la promoci\u00f3n de la civilizaci\u00f3n francesa entre los estudiantes internacionales.<\/p><p>Los CCFS ofrecen una variedad de programas de ense\u00f1anza de la lengua francesa adaptados a las necesidades de los estudiantes internacionales. Ya sea para sus cursos de franc\u00e9s general, la preparaci\u00f3n para los ex\u00e1menes de franc\u00e9s como el DELF y el DALF, o cursos de franc\u00e9s espec\u00edficos (franc\u00e9s de negocios, franc\u00e9s universitario), los CCFS son reconocidos por su experiencia en la ense\u00f1anza de la lengua francesa.<\/p><p>Los CCFS est\u00e1n situados en el coraz\u00f3n de Par\u00eds, ofreciendo as\u00ed a los estudiantes la oportunidad de aprender franc\u00e9s en un entorno inmersivo. La instituci\u00f3n acoge a estudiantes de todas las nacionalidades y de todos los niveles, desde principiantes hasta avanzados, que se benefician de cursos que combinan el aprendizaje del franc\u00e9s y el descubrimiento cultural. Gracias a su compromiso con una pedagog\u00eda de calidad y su promoci\u00f3n de la cultura francesa, los CCFS contribuyen, junto con la Fundaci\u00f3n Robert de Sorbon, a reforzar los v\u00ednculos entre Francia y el resto del mundo y permiten a los estudiantes internacionales vivir una experiencia ling\u00fc\u00edstica y cultural inolvidable en la Sorbona.<\/p>\t\t\t\t\t\t\t\t<\/div>\n\t\t\t\t<\/div>\n\t\t\t\t\t<\/div>\n\t\t<\/div>\n\t\t\t\t\t<\/div>\n\t\t<\/section>\n\t\t<div class=\"elementor-element elementor-element-5f9d10b e-flex e-con-boxed e-con e-parent\" data-id=\"5f9d10b\" data-element_type=\"container\" data-e-type=\"container\">\n\t\t\t\t\t<div class=\"e-con-inner\">\n\t\t\t\t<div class=\"elementor-element elementor-element-8d2a6be elementor-widget-divider--view-line elementor-widget elementor-widget-divider\" data-id=\"8d2a6be\" data-element_type=\"widget\" data-e-type=\"widget\" data-widget_type=\"divider.default\">\n\t\t\t\t<div class=\"elementor-widget-container\">\n\t\t\t\t\t\t\t<div class=\"elementor-divider\">\n\t\t\t<span class=\"elementor-divider-separator\">\n\t\t\t\t\t\t<\/span>\n\t\t<\/div>\n\t\t\t\t\t\t<\/div>\n\t\t\t\t<\/div>\n\t\t\t\t<div class=\"elementor-element elementor-element-d6bb545 elementor-widget elementor-widget-shortcode\" data-id=\"d6bb545\" data-element_type=\"widget\" data-e-type=\"widget\" data-widget_type=\"shortcode.default\">\n\t\t\t\t<div class=\"elementor-widget-container\">\n\t\t\t\t\t\t\t<div class=\"elementor-shortcode\"><ul class='listing-page-soeur'><li class='bloc-page-soeur'><a class='image-soeur' style='background:url(https:\/\/www.ccfs-sorbonne.fr\/wp-content\/uploads\/2025\/06\/CCFS-10.06.25-Benoit-Diacre-61-scaled.jpg?wsr)' href='https:\/\/www.ccfs-sorbonne.fr\/es\/institucion\/cours-de-civilisation-francaise-de-la-sorbonne\/' title='Cours de civilisation fran&ccedil;aise de la Sorbonne'><\/a><div class='detail-soeur'><div class='nom-page-soeur'><h2><a href='https:\/\/www.ccfs-sorbonne.fr\/es\/institucion\/cours-de-civilisation-francaise-de-la-sorbonne\/' title='Cours de civilisation fran&ccedil;aise de la Sorbonne'>Cours de civilisation fran\u00e7aise de la Sorbonne<\/a><\/h2><\/div><\/div><\/li><li class='bloc-page-soeur'><a class='image-soeur' style='background:url(https:\/\/www.ccfs-sorbonne.fr\/wp-content\/uploads\/2023\/11\/RdS-8_OKHD.jpg?wsr)' href='https:\/\/www.ccfs-sorbonne.fr\/es\/institucion\/historia-humanismo\/' title='Historia &amp; humanismo'><\/a><div class='detail-soeur'><div class='nom-page-soeur'><h2><a href='https:\/\/www.ccfs-sorbonne.fr\/es\/institucion\/historia-humanismo\/' title='Historia &amp; humanismo'>Historia & humanismo<\/a><\/h2><\/div><\/div><\/li><li class='bloc-page-soeur'><a class='image-soeur' style='background:url(https:\/\/www.ccfs-sorbonne.fr\/wp-content\/uploads\/2023\/11\/Sans-titre-82-min.jpg?wsr)' href='https:\/\/www.ccfs-sorbonne.fr\/es\/institucion\/socios-academicos\/' title='Socios acad&eacute;micos'><\/a><div class='detail-soeur'><div class='nom-page-soeur'><h2><a href='https:\/\/www.ccfs-sorbonne.fr\/es\/institucion\/socios-academicos\/' title='Socios acad&eacute;micos'>Socios acad\u00e9micos<\/a><\/h2><\/div><\/div><\/li><li class='bloc-page-soeur'><a class='image-soeur' style='background:url(https:\/\/www.ccfs-sorbonne.fr\/wp-content\/uploads\/2024\/03\/Recognity-Cours-de-Civilisation-de-la-Sorbonne-09.02.24-Benoit-Diacre-64.jpg?wsr)' href='https:\/\/www.ccfs-sorbonne.fr\/es\/institucion\/experticia-pedagogica\/' title='Experticia pedag&oacute;gica'><\/a><div class='detail-soeur'><div class='nom-page-soeur'><h2><a href='https:\/\/www.ccfs-sorbonne.fr\/es\/institucion\/experticia-pedagogica\/' title='Experticia pedag&oacute;gica'>Experticia pedag\u00f3gica<\/a><\/h2><\/div><\/div><\/li><\/ul><\/div>\n\t\t\t\t\t\t<\/div>\n\t\t\t\t<\/div>\n\t\t\t\t\t<\/div>\n\t\t\t\t<\/div>\n\t\t\t\t<\/div>\n\t\t","protected":false},"excerpt":{"rendered":"<p>Fundaci\u00f3n Robert de Sorbon La Fundaci\u00f3n Robert de Sorbon es una instituci\u00f3n acad\u00e9mica emblem\u00e1tica situada en el coraz\u00f3n de Par\u00eds. Su rica historia se remonta al siglo XIII, cuando Robert [&hellip;]<\/p>\n","protected":false},"author":8,"featured_media":88764,"parent":92752,"menu_order":8,"comment_status":"closed","ping_status":"closed","template":"","meta":{"_acf_changed":false,"footnotes":""},"class_list":["post-92762","page","type-page","status-publish","has-post-thumbnail","hentry"],"acf":[],"yoast_head":"<!-- This site is optimized with the Yoast SEO plugin v27.0 - https:\/\/yoast.com\/product\/yoast-seo-wordpress\/ -->\n<title>Fundaci\u00f3n Robert de Sorbon, una instituci\u00f3n hist\u00f3rica francesa<\/title>\n<meta name=\"description\" content=\"La Fundaci\u00f3n Robert de Sorbon se dedica a la ense\u00f1anza: de ella dependen los Cursos de Civilizaci\u00f3n Francesa en la Sorbona.\" \/>\n<meta name=\"robots\" content=\"index, follow, max-snippet:-1, max-image-preview:large, max-video-preview:-1\" \/>\n<link rel=\"canonical\" href=\"https:\/\/www.ccfs-sorbonne.fr\/es\/institucion\/fundacion-robert-de-sorbon\/\" \/>\n<meta property=\"og:locale\" content=\"es_ES\" \/>\n<meta property=\"og:type\" content=\"article\" \/>\n<meta property=\"og:title\" content=\"Fundaci\u00f3n Robert de Sorbon, una instituci\u00f3n hist\u00f3rica francesa\" \/>\n<meta property=\"og:description\" content=\"La Fundaci\u00f3n Robert de Sorbon se dedica a la ense\u00f1anza: de ella dependen los Cursos de Civilizaci\u00f3n Francesa en la Sorbona.\" \/>\n<meta property=\"og:url\" content=\"https:\/\/www.ccfs-sorbonne.fr\/es\/institucion\/fundacion-robert-de-sorbon\/\" \/>\n<meta property=\"og:site_name\" content=\"CCFS Sorbonne\" \/>\n<meta property=\"article:modified_time\" content=\"2025-07-06T19:22:42+00:00\" \/>\n<meta property=\"og:image\" content=\"https:\/\/www.ccfs-sorbonne.fr\/wp-content\/uploads\/2023\/10\/Photo-Facade-FRDS.jpg?wsr\" \/>\n\t<meta property=\"og:image:width\" content=\"1920\" \/>\n\t<meta property=\"og:image:height\" content=\"1365\" \/>\n\t<meta property=\"og:image:type\" content=\"image\/jpeg\" \/>\n<meta name=\"twitter:card\" content=\"summary_large_image\" \/>\n<meta name=\"twitter:label1\" content=\"Tiempo de lectura\" \/>\n\t<meta name=\"twitter:data1\" content=\"3 minutos\" \/>\n<script type=\"application\/ld+json\" class=\"yoast-schema-graph\">{\"@context\":\"https:\/\/schema.org\",\"@graph\":[{\"@type\":\"WebPage\",\"@id\":\"https:\/\/www.ccfs-sorbonne.fr\/es\/institucion\/fundacion-robert-de-sorbon\/\",\"url\":\"https:\/\/www.ccfs-sorbonne.fr\/es\/institucion\/fundacion-robert-de-sorbon\/\",\"name\":\"Fundaci\u00f3n Robert de Sorbon, una instituci\u00f3n hist\u00f3rica francesa\",\"isPartOf\":{\"@id\":\"https:\/\/www.ccfs-sorbonne.fr\/es\/#website\"},\"primaryImageOfPage\":{\"@id\":\"https:\/\/www.ccfs-sorbonne.fr\/es\/institucion\/fundacion-robert-de-sorbon\/#primaryimage\"},\"image\":{\"@id\":\"https:\/\/www.ccfs-sorbonne.fr\/es\/institucion\/fundacion-robert-de-sorbon\/#primaryimage\"},\"thumbnailUrl\":\"https:\/\/www.ccfs-sorbonne.fr\/wp-content\/uploads\/2023\/10\/Photo-Facade-FRDS.jpg?wsr\",\"datePublished\":\"2023-06-14T12:01:13+00:00\",\"dateModified\":\"2025-07-06T19:22:42+00:00\",\"description\":\"La Fundaci\u00f3n Robert de Sorbon se dedica a la ense\u00f1anza: de ella dependen los Cursos de Civilizaci\u00f3n Francesa en la Sorbona.\",\"breadcrumb\":{\"@id\":\"https:\/\/www.ccfs-sorbonne.fr\/es\/institucion\/fundacion-robert-de-sorbon\/#breadcrumb\"},\"inLanguage\":\"es\",\"potentialAction\":[{\"@type\":\"ReadAction\",\"target\":[\"https:\/\/www.ccfs-sorbonne.fr\/es\/institucion\/fundacion-robert-de-sorbon\/\"]}]},{\"@type\":\"ImageObject\",\"inLanguage\":\"es\",\"@id\":\"https:\/\/www.ccfs-sorbonne.fr\/es\/institucion\/fundacion-robert-de-sorbon\/#primaryimage\",\"url\":\"https:\/\/www.ccfs-sorbonne.fr\/wp-content\/uploads\/2023\/10\/Photo-Facade-FRDS.jpg?wsr\",\"contentUrl\":\"https:\/\/www.ccfs-sorbonne.fr\/wp-content\/uploads\/2023\/10\/Photo-Facade-FRDS.jpg?wsr\",\"width\":1920,\"height\":1365,\"caption\":\"Hotel de Vogue, fondation Robert de Sorbon\"},{\"@type\":\"BreadcrumbList\",\"@id\":\"https:\/\/www.ccfs-sorbonne.fr\/es\/institucion\/fundacion-robert-de-sorbon\/#breadcrumb\",\"itemListElement\":[{\"@type\":\"ListItem\",\"position\":1,\"name\":\"Inicio\",\"item\":\"https:\/\/www.ccfs-sorbonne.fr\/es\/\"},{\"@type\":\"ListItem\",\"position\":2,\"name\":\"Instituci\u00f3n\",\"item\":\"https:\/\/www.ccfs-sorbonne.fr\/es\/institucion\/\"},{\"@type\":\"ListItem\",\"position\":3,\"name\":\"Fundaci\u00f3n Robert de Sorbon\"}]},{\"@type\":\"WebSite\",\"@id\":\"https:\/\/www.ccfs-sorbonne.fr\/es\/#website\",\"url\":\"https:\/\/www.ccfs-sorbonne.fr\/es\/\",\"name\":\"CCFS Sorbonne\",\"description\":\"\",\"publisher\":{\"@id\":\"https:\/\/www.ccfs-sorbonne.fr\/es\/#organization\"},\"potentialAction\":[{\"@type\":\"SearchAction\",\"target\":{\"@type\":\"EntryPoint\",\"urlTemplate\":\"https:\/\/www.ccfs-sorbonne.fr\/es\/?s={search_term_string}\"},\"query-input\":{\"@type\":\"PropertyValueSpecification\",\"valueRequired\":true,\"valueName\":\"search_term_string\"}}],\"inLanguage\":\"es\"},{\"@type\":\"Organization\",\"@id\":\"https:\/\/www.ccfs-sorbonne.fr\/es\/#organization\",\"name\":\"CCFS Sorbonne\",\"url\":\"https:\/\/www.ccfs-sorbonne.fr\/es\/\",\"logo\":{\"@type\":\"ImageObject\",\"inLanguage\":\"es\",\"@id\":\"https:\/\/www.ccfs-sorbonne.fr\/es\/#\/schema\/logo\/image\/\",\"url\":\"https:\/\/www.ccfs-sorbonne.fr\/wp-content\/uploads\/2023\/11\/logo-ccfs-sorbonne.png\",\"contentUrl\":\"https:\/\/www.ccfs-sorbonne.fr\/wp-content\/uploads\/2023\/11\/logo-ccfs-sorbonne.png\",\"width\":300,\"height\":120,\"caption\":\"CCFS Sorbonne\"},\"image\":{\"@id\":\"https:\/\/www.ccfs-sorbonne.fr\/es\/#\/schema\/logo\/image\/\"}}]}<\/script>\n<!-- \/ Yoast SEO plugin. -->","yoast_head_json":{"title":"Fundaci\u00f3n Robert de Sorbon, una instituci\u00f3n hist\u00f3rica francesa","description":"La Fundaci\u00f3n Robert de Sorbon se dedica a la ense\u00f1anza: de ella dependen los Cursos de Civilizaci\u00f3n Francesa en la Sorbona.","robots":{"index":"index","follow":"follow","max-snippet":"max-snippet:-1","max-image-preview":"max-image-preview:large","max-video-preview":"max-video-preview:-1"},"canonical":"https:\/\/www.ccfs-sorbonne.fr\/es\/institucion\/fundacion-robert-de-sorbon\/","og_locale":"es_ES","og_type":"article","og_title":"Fundaci\u00f3n Robert de Sorbon, una instituci\u00f3n hist\u00f3rica francesa","og_description":"La Fundaci\u00f3n Robert de Sorbon se dedica a la ense\u00f1anza: de ella dependen los Cursos de Civilizaci\u00f3n Francesa en la Sorbona.","og_url":"https:\/\/www.ccfs-sorbonne.fr\/es\/institucion\/fundacion-robert-de-sorbon\/","og_site_name":"CCFS Sorbonne","article_modified_time":"2025-07-06T19:22:42+00:00","og_image":[{"width":1920,"height":1365,"url":"https:\/\/www.ccfs-sorbonne.fr\/wp-content\/uploads\/2023\/10\/Photo-Facade-FRDS.jpg?wsr","type":"image\/jpeg"}],"twitter_card":"summary_large_image","twitter_misc":{"Tiempo de lectura":"3 minutos"},"schema":{"@context":"https:\/\/schema.org","@graph":[{"@type":"WebPage","@id":"https:\/\/www.ccfs-sorbonne.fr\/es\/institucion\/fundacion-robert-de-sorbon\/","url":"https:\/\/www.ccfs-sorbonne.fr\/es\/institucion\/fundacion-robert-de-sorbon\/","name":"Fundaci\u00f3n Robert de Sorbon, una instituci\u00f3n hist\u00f3rica francesa","isPartOf":{"@id":"https:\/\/www.ccfs-sorbonne.fr\/es\/#website"},"primaryImageOfPage":{"@id":"https:\/\/www.ccfs-sorbonne.fr\/es\/institucion\/fundacion-robert-de-sorbon\/#primaryimage"},"image":{"@id":"https:\/\/www.ccfs-sorbonne.fr\/es\/institucion\/fundacion-robert-de-sorbon\/#primaryimage"},"thumbnailUrl":"https:\/\/www.ccfs-sorbonne.fr\/wp-content\/uploads\/2023\/10\/Photo-Facade-FRDS.jpg?wsr","datePublished":"2023-06-14T12:01:13+00:00","dateModified":"2025-07-06T19:22:42+00:00","description":"La Fundaci\u00f3n Robert de Sorbon se dedica a la ense\u00f1anza: de ella dependen los Cursos de Civilizaci\u00f3n Francesa en la Sorbona.","breadcrumb":{"@id":"https:\/\/www.ccfs-sorbonne.fr\/es\/institucion\/fundacion-robert-de-sorbon\/#breadcrumb"},"inLanguage":"es","potentialAction":[{"@type":"ReadAction","target":["https:\/\/www.ccfs-sorbonne.fr\/es\/institucion\/fundacion-robert-de-sorbon\/"]}]},{"@type":"ImageObject","inLanguage":"es","@id":"https:\/\/www.ccfs-sorbonne.fr\/es\/institucion\/fundacion-robert-de-sorbon\/#primaryimage","url":"https:\/\/www.ccfs-sorbonne.fr\/wp-content\/uploads\/2023\/10\/Photo-Facade-FRDS.jpg?wsr","contentUrl":"https:\/\/www.ccfs-sorbonne.fr\/wp-content\/uploads\/2023\/10\/Photo-Facade-FRDS.jpg?wsr","width":1920,"height":1365,"caption":"Hotel de Vogue, fondation Robert de Sorbon"},{"@type":"BreadcrumbList","@id":"https:\/\/www.ccfs-sorbonne.fr\/es\/institucion\/fundacion-robert-de-sorbon\/#breadcrumb","itemListElement":[{"@type":"ListItem","position":1,"name":"Inicio","item":"https:\/\/www.ccfs-sorbonne.fr\/es\/"},{"@type":"ListItem","position":2,"name":"Instituci\u00f3n","item":"https:\/\/www.ccfs-sorbonne.fr\/es\/institucion\/"},{"@type":"ListItem","position":3,"name":"Fundaci\u00f3n Robert de Sorbon"}]},{"@type":"WebSite","@id":"https:\/\/www.ccfs-sorbonne.fr\/es\/#website","url":"https:\/\/www.ccfs-sorbonne.fr\/es\/","name":"CCFS Sorbonne","description":"","publisher":{"@id":"https:\/\/www.ccfs-sorbonne.fr\/es\/#organization"},"potentialAction":[{"@type":"SearchAction","target":{"@type":"EntryPoint","urlTemplate":"https:\/\/www.ccfs-sorbonne.fr\/es\/?s={search_term_string}"},"query-input":{"@type":"PropertyValueSpecification","valueRequired":true,"valueName":"search_term_string"}}],"inLanguage":"es"},{"@type":"Organization","@id":"https:\/\/www.ccfs-sorbonne.fr\/es\/#organization","name":"CCFS Sorbonne","url":"https:\/\/www.ccfs-sorbonne.fr\/es\/","logo":{"@type":"ImageObject","inLanguage":"es","@id":"https:\/\/www.ccfs-sorbonne.fr\/es\/#\/schema\/logo\/image\/","url":"https:\/\/www.ccfs-sorbonne.fr\/wp-content\/uploads\/2023\/11\/logo-ccfs-sorbonne.png","contentUrl":"https:\/\/www.ccfs-sorbonne.fr\/wp-content\/uploads\/2023\/11\/logo-ccfs-sorbonne.png","width":300,"height":120,"caption":"CCFS Sorbonne"},"image":{"@id":"https:\/\/www.ccfs-sorbonne.fr\/es\/#\/schema\/logo\/image\/"}}]}},"_links":{"self":[{"href":"https:\/\/www.ccfs-sorbonne.fr\/es\/wp-json\/wp\/v2\/pages\/92762","targetHints":{"allow":["GET"]}}],"collection":[{"href":"https:\/\/www.ccfs-sorbonne.fr\/es\/wp-json\/wp\/v2\/pages"}],"about":[{"href":"https:\/\/www.ccfs-sorbonne.fr\/es\/wp-json\/wp\/v2\/types\/page"}],"author":[{"embeddable":true,"href":"https:\/\/www.ccfs-sorbonne.fr\/es\/wp-json\/wp\/v2\/users\/8"}],"replies":[{"embeddable":true,"href":"https:\/\/www.ccfs-sorbonne.fr\/es\/wp-json\/wp\/v2\/comments?post=92762"}],"version-history":[{"count":5,"href":"https:\/\/www.ccfs-sorbonne.fr\/es\/wp-json\/wp\/v2\/pages\/92762\/revisions"}],"predecessor-version":[{"id":104582,"href":"https:\/\/www.ccfs-sorbonne.fr\/es\/wp-json\/wp\/v2\/pages\/92762\/revisions\/104582"}],"up":[{"embeddable":true,"href":"https:\/\/www.ccfs-sorbonne.fr\/es\/wp-json\/wp\/v2\/pages\/92752"}],"wp:featuredmedia":[{"embeddable":true,"href":"https:\/\/www.ccfs-sorbonne.fr\/es\/wp-json\/wp\/v2\/media\/88764"}],"wp:attachment":[{"href":"https:\/\/www.ccfs-sorbonne.fr\/es\/wp-json\/wp\/v2\/media?parent=92762"}],"curies":[{"name":"wp","href":"https:\/\/api.w.org\/{rel}","templated":true}]}}